{"id":3245,"date":"2020-03-10T18:08:49","date_gmt":"2020-03-10T17:08:49","guid":{"rendered":"https:\/\/www.quad-motoneige-valberg.com\/shop\/?post_type=product&#038;p=3245"},"modified":"2024-09-06T16:45:41","modified_gmt":"2024-09-06T14:45:41","slug":"randonnee-motoneige-en-matinee","status":"publish","type":"product","link":"https:\/\/www.quad-motoneige-valberg.com\/shop\/produit\/randonnee-motoneige-en-matinee\/","title":{"rendered":"Randonn\u00e9e motoneige en matin\u00e9e"},"content":{"rendered":"","protected":false},"excerpt":{"rendered":"<p><span style=\"font-size: 18pt;\"><strong><span style=\"color: #ff0000;\">Rendez-vous imp\u00e9rativement \u00e0 7h15 au plus tard. Tout retard entrainera l&rsquo;annulation de la randonn\u00e9e sans aucun remboursement possible. OUVERT A TOUS.<\/span><\/strong><\/span><\/p>\n<h5><span style=\"font-size: 12pt;\"><strong><span style=\"color: #ff0000;\"><span style=\"color: #000000;\">Adresse de rdv : 55 avenue de Valberg &#8211; 06470 VALBERG<\/span><br \/>\n<\/span><\/strong><strong><span style=\"color: #ff0000;\">Merci de renseigner dans le champ \u00ab\u00a0informations compl\u00e9mentaires\u00a0\u00bb lors de la validation de la commande, si vous souhaitez du caf\u00e9, du th\u00e9 ou du chocolat.<\/span><\/strong><\/span><\/h5>\n<h5><span style=\"font-size: 12pt;\"><strong>Vivez un instant magique et unique!<\/strong><\/span><\/h5>\n<ul>\n<li><span style=\"font-size: 12pt;\">En tout 1 heure.<\/span><\/li>\n<\/ul>\n<p>*Casque de ski autoris\u00e9<\/p>\n<p><img loading=\"lazy\" decoding=\"async\" class=\"alignnone size-medium wp-image-4964\" src=\"https:\/\/www.quad-motoneige-valberg.com\/shop\/wp-content\/uploads\/2020\/03\/casque-ski-300x291.jpg\" alt=\"\" width=\"300\" height=\"291\" srcset=\"https:\/\/www.quad-motoneige-valberg.com\/shop\/wp-content\/uploads\/2020\/03\/casque-ski.jpg 300w, https:\/\/www.quad-motoneige-valberg.com\/shop\/wp-content\/uploads\/2020\/03\/casque-ski-52x50.jpg 52w\" sizes=\"auto, (max-width: 300px) 100vw, 300px\" \/><\/p>\n<p><a href=\"https:\/\/www.quad-motoneige-valberg.com\/shop\/produit\/randonnee-motoneige-en-matinee\/\" class=\"more-link style1-button\">Read More<\/a><\/p>","protected":false},"featured_media":3268,"comment_status":"closed","ping_status":"closed","template":"","meta":{"jetpack_post_was_ever_published":false,"jetpack_publicize_message":"","jetpack_publicize_feature_enabled":true,"jetpack_social_post_already_shared":true,"jetpack_social_options":{"image_generator_settings":{"template":"highway","default_image_id":0,"font":"","enabled":false},"version":2}},"product_brand":[],"product_cat":[38],"product_tag":[],"class_list":{"0":"post-3245","1":"product","2":"type-product","3":"status-publish","4":"has-post-thumbnail","6":"product_cat-motoneige-a-valberg","8":"first","9":"instock","10":"virtual","11":"sold-individually","12":"taxable","13":"purchasable","14":"product-type-booking"},"booking_location":"","booking_location_type":"","booking_duration":1,"booking_duration_unit":"day","booking_buffer":0,"booking_cost":0,"booking_resources":[3253],"jetpack_publicize_connections":[],"jetpack_sharing_enabled":true,"_links":{"self":[{"href":"https:\/\/www.quad-motoneige-valberg.com\/shop\/wp-json\/wp\/v2\/product\/3245","targetHints":{"allow":["GET"]}}],"collection":[{"href":"https:\/\/www.quad-motoneige-valberg.com\/shop\/wp-json\/wp\/v2\/product"}],"about":[{"href":"https:\/\/www.quad-motoneige-valberg.com\/shop\/wp-json\/wp\/v2\/types\/product"}],"replies":[{"embeddable":true,"href":"https:\/\/www.quad-motoneige-valberg.com\/shop\/wp-json\/wp\/v2\/comments?post=3245"}],"wp:featuredmedia":[{"embeddable":true,"href":"https:\/\/www.quad-motoneige-valberg.com\/shop\/wp-json\/wp\/v2\/media\/3268"}],"wp:attachment":[{"href":"https:\/\/www.quad-motoneige-valberg.com\/shop\/wp-json\/wp\/v2\/media?parent=3245"}],"wp:term":[{"taxonomy":"product_brand","embeddable":true,"href":"https:\/\/www.quad-motoneige-valberg.com\/shop\/wp-json\/wp\/v2\/product_brand?post=3245"},{"taxonomy":"product_cat","embeddable":true,"href":"https:\/\/www.quad-motoneige-valberg.com\/shop\/wp-json\/wp\/v2\/product_cat?post=3245"},{"taxonomy":"product_tag","embeddable":true,"href":"https:\/\/www.quad-motoneige-valberg.com\/shop\/wp-json\/wp\/v2\/product_tag?post=3245"}],"curies":[{"name":"wp","href":"https:\/\/api.w.org\/{rel}","templated":true}]}}